{"id":17,"date":"2015-09-10T14:58:05","date_gmt":"2015-09-10T14:58:05","guid":{"rendered":"http:\/\/ns1.cardinalfactor.net\/~congomark\/?page_id=17"},"modified":"2016-01-14T20:00:54","modified_gmt":"2016-01-14T20:00:54","slug":"home-page","status":"publish","type":"page","link":"https:\/\/congomark.lawyer\/","title":{"rendered":"Home Page"},"content":{"rendered":"<div id=\"pl-17\"  class=\"panel-layout\" ><div id=\"pg-17-0\"  class=\"panel-grid panel-has-style\" ><div class=\"wide-grey panel-row-style panel-row-style-for-17-0\" ><div id=\"pgc-17-0-0\"  class=\"panel-grid-cell\" ><div id=\"panel-17-0-0-0\" class=\"so-panel widget widget_headline-widget panel-first-child\" data-index=\"0\" >\t\t<h1><\/h1>\n\t\t<div class=\"decoration\"><div class=\"decoration-inside\"><\/div><\/div>\n\t\t<h3>CongoMark Intellectual Property Law Firm is based in Kinshasa, Democratic Republic of Congo.  We provide advice, rights registration and representation before administrative authorities and the Courts for the protection of Intellectual Property.  Our firm provides clients with legal, technical, and strategic consultations. We conduct preliminary search and availability of trademarks and trade names, prepare patent documentation, register trademarks, industrial designs and models as well as ensure the protection of copyright.  On behalf of our clients, we provide representation in the DRC, Rwanda, Dubai, Europe and Benelux, and other regions of the world.<\/h3>\n\t\t<\/div><div id=\"panel-17-0-0-1\" class=\"so-panel widget widget_headline-widget panel-last-child\" data-index=\"1\" >\t\t<h1><\/h1>\n\t\t<div class=\"decoration\"><div class=\"decoration-inside\"><\/div><\/div>\n\t\t<h3>CongoMark est un cabinet juridique sp\u00e9cialis\u00e9 dans le domaine de la Propri\u00e9t\u00e9 Intellectuelle. Bas\u00e9 \u00e0 Kinshasa, en R\u00e9publique D\u00e9mocratique du Congo, CongoMark s\u2019adresse \u00e0 toute personne ou soci\u00e9t\u00e9 d\u00e9sireuse de prot\u00e9ger une marque, un brevet d\u2019invention, un mod\u00e8le et un dessin industriel, ou son nom commercial, ainsi que d\u2019assurer la garantie de leurs droits d\u2019auteur. Sa mission est d\u2019accompagner et d'assister ses clients dans la reconnaissance et la d\u00e9fense de leurs droits en R\u00e9publique D\u00e9mocratique du Congo, mais \u00e9galement sur la sc\u00e8ne internationale. Gr\u00e2ce \u00e0 son r\u00e9seau de correspondants, CongoMark offre \u00e9galement la possibilit\u00e9 de proc\u00e9der \u00e0 des d\u00e9p\u00f4ts au Rwanda, \u00e0 Dubai, au Benelux, en Europe ainsi que dans d'autres r\u00e9gions du monde.<\/h3>\n\t\t<\/div><\/div><\/div><\/div><div id=\"pg-17-1\"  class=\"panel-grid panel-no-style\" ><div id=\"pgc-17-1-0\"  class=\"panel-grid-cell\" ><div id=\"panel-17-1-0-0\" class=\"so-panel widget widget_circleicon-widget panel-first-child panel-last-child\" data-index=\"2\" >\t\t<div class=\"circle-icon-box circle-icon-position-top circle-icon-hide-box circle-icon-size-small\">\n\t\t\t<div class=\"circle-icon-wrapper\">\n                <a href=\"\/?page_id=20\" class=\"link-icon\">\t\t\t\t<div class=\"circle-icon\" >\n\t\t\t\t\t<div class=\"fa fa-tasks\"><\/div>\t\t\t\t<\/div>\n                <\/a>\t\t\t<\/div>\n\n            <a href=\"\/?page_id=20\" class=\"link-title\">\t\t\t<h4>Intellectual Property | Marques<\/h4>            <\/a>\n\t\t\t<p class=\"text\">CongoMark offers a range of services with the mission of advising, supporting and representing our clients with the intention of maintaining operations and the defense of the Intellectual Property Rights. We help clients regarding the best protection for their rights.<br \/><br \/>Notre soci\u00e9t\u00e9 propose plusieurs offres aux clients: conseils techniques et assistance juridique. Nous proc\u00e9dons aux recherches pr\u00e9liminaires, \u00e0 la disponibilit\u00e9 des marques, des noms commerciaux, des logos et des mod\u00e8les. Nous aidons nos clients afin de leur assurer la meilleure protection de leurs droits.<\/p>\t\t\t\t\t\t\t<a href=\"\/?page_id=20\" class=\"more-button\">Click here for more information | Cliquez ici pour plus d&#039;informations <i><\/i><\/a>\n\t\t\t\t\t<\/div>\n\t\t<\/div><\/div><div id=\"pgc-17-1-1\"  class=\"panel-grid-cell\" ><div id=\"panel-17-1-1-0\" class=\"so-panel widget widget_circleicon-widget panel-first-child panel-last-child\" data-index=\"3\" >\t\t<div class=\"circle-icon-box circle-icon-position-top circle-icon-hide-box circle-icon-size-small\">\n\t\t\t<div class=\"circle-icon-wrapper\">\n                <a href=\"\/?page_id=41\" class=\"link-icon\">\t\t\t\t<div class=\"circle-icon\" >\n\t\t\t\t\t<div class=\"fa fa-certificate\"><\/div>\t\t\t\t<\/div>\n                <\/a>\t\t\t<\/div>\n\n            <a href=\"\/?page_id=41\" class=\"link-title\">\t\t\t<h4>Principals<\/h4>            <\/a>\n\t\t\t<p class=\"text\">Eloa Kabuya-Lumuna, an Attorney and Counsellor at Law in Intellectual Property established CongoMark. She is also the firm's managing director.<br \/><br \/>CongoMark a \u00e9t\u00e9 cr\u00e9\u00e9 par Eloa Kabuya-Lumuna, avocate et mandataire en propri\u00e9t\u00e9 intellectuelle. Celle-ci en assure sa direction ainsi que la gestion de l\u2019activit\u00e9.<\/p>\t\t\t\t\t\t\t<a href=\"\/?page_id=41\" class=\"more-button\">More about CongoMark |  En savoir plus sur CongoMark <i><\/i><\/a>\n\t\t\t\t\t<\/div>\n\t\t<\/div><\/div><div id=\"pgc-17-1-2\"  class=\"panel-grid-cell\" ><div id=\"panel-17-1-2-0\" class=\"so-panel widget widget_circleicon-widget panel-first-child panel-last-child\" data-index=\"4\" >\t\t<div class=\"circle-icon-box circle-icon-position-top circle-icon-hide-box circle-icon-size-small\">\n\t\t\t<div class=\"circle-icon-wrapper\">\n                <a href=\"\/?page_id=25\" class=\"link-icon\">\t\t\t\t<div class=\"circle-icon\" >\n\t\t\t\t\t<div class=\"fa fa-pencil\"><\/div>\t\t\t\t<\/div>\n                <\/a>\t\t\t<\/div>\n\n            <a href=\"\/?page_id=25\" class=\"link-title\">\t\t\t<h4>Contact CongoMark<\/h4>            <\/a>\n\t\t\t<p class=\"text\">We are delighted to assist you with any Intellectual Property matters.<br \/><br \/>Nous serons ravis de r\u00e9pondre \u00e0 vos questions li\u00e9es \u00e0 la propri\u00e9t\u00e9 intellectuelle.<\/p>\t\t\t\t\t\t\t<a href=\"\/?page_id=25\" class=\"more-button\">Contact CongoMark | Contactez CongoMark <i><\/i><\/a>\n\t\t\t\t\t<\/div>\n\t\t<\/div><\/div><\/div><div id=\"pg-17-2\"  class=\"panel-grid panel-no-style\" ><div id=\"pgc-17-2-0\"  class=\"panel-grid-cell panel-grid-cell-mobile-last\" ><div id=\"panel-17-2-0-0\" class=\"so-panel widget widget_siteorigin-panels-postloop panel-first-child panel-last-child\" data-index=\"5\" ><h3 class=\"widget-title\"><span class=\"vantage-carousel-title\"><span class=\"vantage-carousel-title-text\">Latest News<\/span><a href=\"#\" class=\"next\" title=\"Next\"><span class=\"vantage-icon-arrow-right\"><\/span><\/a><a href=\"#\" class=\"previous\" title=\"Previous\"><span class=\"vantage-icon-arrow-left\"><\/span><\/a><\/span><\/h3><div class=\"vantage-carousel-wrapper\">\n\n\t\n\t<ul class=\"vantage-carousel\" data-query=\"{&quot;post_type&quot;:&quot;post&quot;,&quot;posts_per_page&quot;:4,&quot;orderby&quot;:&quot;date&quot;,&quot;order&quot;:&quot;DESC&quot;,&quot;panels_info&quot;:{&quot;class&quot;:&quot;SiteOrigin_Panels_Widgets_PostLoop&quot;,&quot;raw&quot;:false,&quot;grid&quot;:2,&quot;cell&quot;:0,&quot;id&quot;:5,&quot;style&quot;:{&quot;background_display&quot;:&quot;tile&quot;},&quot;cell_index&quot;:0,&quot;widget_index&quot;:5},&quot;paged&quot;:1,&quot;post__not_in&quot;:[17],&quot;fields&quot;:&quot;all&quot;,&quot;lazy_load_term_meta&quot;:true}\" data-ajax-url=\"https:\/\/congomark.lawyer\/wp-admin\/admin-ajax.php\">\n\t\t\t\t\t<li class=\"carousel-entry\">\n\t\t\t\t<div class=\"thumbnail\">\n\t\t\t\t\t\t\t\t\t\t\t<a href=\"https:\/\/congomark.lawyer\/?p=197\" style=\"background-image: url(https:\/\/congomark.lawyer\/wp-content\/uploads\/2017\/07\/adams_award.2016.0811-272x182.jpg)\">\n\t\t\t\t\t\t\t<span class=\"sow-overlay\"><\/span>\n\t\t\t\t\t\t<\/a>\n\t\t\t\t\t\t\t\t\t<\/div>\n\t\t\t\t\t\t\t\t<h3><a href=\"https:\/\/congomark.lawyer\/?p=197\">Adams &#038; Adams Award. 11 August 2016<\/a><\/h3>\n\t\t\t<\/li>\n\t\t\t\t\t<li class=\"carousel-entry\">\n\t\t\t\t<div class=\"thumbnail\">\n\t\t\t\t\t\t\t\t\t\t\t<a href=\"https:\/\/congomark.lawyer\/?p=1\" style=\"background-image: url(https:\/\/congomark.lawyer\/wp-content\/uploads\/2015\/09\/adams_award-272x182.jpg)\">\n\t\t\t\t\t\t\t<span class=\"sow-overlay\"><\/span>\n\t\t\t\t\t\t<\/a>\n\t\t\t\t\t\t\t\t\t<\/div>\n\t\t\t\t\t\t\t\t<h3><a href=\"https:\/\/congomark.lawyer\/?p=1\">Adams &#038; Adams Award. 17 September 2015<\/a><\/h3>\n\t\t\t<\/li>\n\t\t\t<\/ul>\n<\/div><\/div><\/div><div id=\"pgc-17-2-1\"  class=\"panel-grid-cell panel-grid-cell-empty\" ><\/div><\/div><\/div>","protected":false},"excerpt":{"rendered":"<p>CongoMark Intellectual Property Law Firm is based in Kinshasa, Democratic Republic of Congo. We provide advice, rights registration and representation before administrative authorities and the Courts for the protection of Intellectual Property. Our firm provides clients with legal, technical, and strategic consultations. We conduct preliminary search and availability of trademarks and trade names, prepare patent [&hellip;]<\/p>\n","protected":false},"author":1,"featured_media":0,"parent":0,"menu_order":0,"comment_status":"closed","ping_status":"closed","template":"home-panels.php","meta":{"_exactmetrics_skip_tracking":false,"_exactmetrics_sitenote_active":false,"_exactmetrics_sitenote_note":"","_exactmetrics_sitenote_category":0,"footnotes":""},"class_list":["post-17","page","type-page","status-publish","hentry","post","post-with-thumbnail","post-with-thumbnail-large"],"aioseo_notices":[],"_links":{"self":[{"href":"https:\/\/congomark.lawyer\/index.php?rest_route=\/wp\/v2\/pages\/17","targetHints":{"allow":["GET"]}}],"collection":[{"href":"https:\/\/congomark.lawyer\/index.php?rest_route=\/wp\/v2\/pages"}],"about":[{"href":"https:\/\/congomark.lawyer\/index.php?rest_route=\/wp\/v2\/types\/page"}],"author":[{"embeddable":true,"href":"https:\/\/congomark.lawyer\/index.php?rest_route=\/wp\/v2\/users\/1"}],"replies":[{"embeddable":true,"href":"https:\/\/congomark.lawyer\/index.php?rest_route=%2Fwp%2Fv2%2Fcomments&post=17"}],"version-history":[{"count":16,"href":"https:\/\/congomark.lawyer\/index.php?rest_route=\/wp\/v2\/pages\/17\/revisions"}],"predecessor-version":[{"id":185,"href":"https:\/\/congomark.lawyer\/index.php?rest_route=\/wp\/v2\/pages\/17\/revisions\/185"}],"wp:attachment":[{"href":"https:\/\/congomark.lawyer\/index.php?rest_route=%2Fwp%2Fv2%2Fmedia&parent=17"}],"curies":[{"name":"wp","href":"https:\/\/api.w.org\/{rel}","templated":true}]}}