{"id":41,"date":"2015-09-10T23:56:03","date_gmt":"2015-09-10T23:56:03","guid":{"rendered":"http:\/\/www.congomark.com\/?page_id=41"},"modified":"2015-09-18T20:06:59","modified_gmt":"2015-09-18T20:06:59","slug":"about-us","status":"publish","type":"page","link":"https:\/\/congomark.lawyer\/?page_id=41","title":{"rendered":"About Us | Qui sommes-nous"},"content":{"rendered":"<table>\n<tr>\n<th width=\"50%\" style=\"vertical-align: bottom;\">Eloa Kabuya-Lumuna, an Attorney and Counsellor at Law in Intellectual Property established CongoMark. She is also managing director of the firm.<\/p>\n<hr \/>\n<\/th>\n<th width=\"50%\" style=\"padding-left: 40px; vertical-align: bottom;\">CongoMark a \u00e9t\u00e9 cr\u00e9\u00e9 par Eloa Kabuya-Lumuna, avocate et mandataire en propri\u00e9t\u00e9 intellectuelle. Celle-ci en assure sa direction ainsi que la gestion de l\u2019activit\u00e9.<\/p>\n<hr \/>\n<\/th>\n<\/tr>\n<tr>\n<td>With its bilingual team, CongoMark is the only Congolese law firm dedicated to providing an integrated protection of intellectual properties through the procedure of registration of rights, advisement and representation before the administrative authorities and the Courts.<\/p>\n<p>This capability allows us to commence and manage the process of IP protection with a keen eye to legal issues that may arise both locally and Internationally. As a result we guarantee a timely, accurate service. This standard of professionalism and dedicated service has never been met in DRC before our establishment.<\/p>\n<p>Attorney Eloa Kabuya-Lumuna holds a \u201cLicence en Droit International\u201d (BA in International Law) and a Master&#8217;s degree \u201cDroit des Affaires et Finance de l\u2019entreprise\u201d (MA in Business Law &#038; Corporate Finance) from Robert Shuman University in Lyon, France. She also holds a Master in Intellectual Property in Trademarks, Designs &#038; Models from CEIPI (Centre d\u2019Etude Internationales de la Propri\u00e9t\u00e9 intellectuelle) from Strasbourg University in France.<\/td>\n<td style=\"padding-left: 40px;\">Compos\u00e9 d\u2019une \u00e9quipe bilingue (Anglais, Fran\u00e7ais) CongoMark est le premier cabinet congolais offrant un v\u00e9ritable service de conseils en propri\u00e9t\u00e9 intellectuelle tant en R\u00e9publique D\u00e9mocratique du Congo qu\u2019\u00e0 l\u2019\u00e9tranger.<\/p>\n<p>Ma\u00eetre Eloa Kabuya-Lumuna est titulaire d\u2019une licence en droit international et d\u2019un Master en droit des affaires et finance de l\u2019universit\u00e9 Robert Schuman \u00e0 Lyon, en France.<\/p>\n<p>Elle est \u00e9galement titulaire d\u2019un Master en marques, dessins et mod\u00e8les du CEIPI (Centre d\u2019Etude International de Propri\u00e9t\u00e9 Industrielle) \u00e0 Strasbourg, en France.<\/td>\n<\/tr>\n<\/table>\n","protected":false},"excerpt":{"rendered":"<p>Eloa Kabuya-Lumuna, an Attorney and Counsellor at Law in Intellectual Property established CongoMark. She is also managing director of the firm. CongoMark a \u00e9t\u00e9 cr\u00e9\u00e9 par Eloa Kabuya-Lumuna, avocate et mandataire en propri\u00e9t\u00e9 intellectuelle. Celle-ci en assure sa direction ainsi que la gestion de l\u2019activit\u00e9. With its bilingual team, CongoMark is the only Congolese law [&hellip;]<\/p>\n","protected":false},"author":1,"featured_media":0,"parent":0,"menu_order":0,"comment_status":"closed","ping_status":"closed","template":"templates\/template-full.php","meta":{"_exactmetrics_skip_tracking":false,"_exactmetrics_sitenote_active":false,"_exactmetrics_sitenote_note":"","_exactmetrics_sitenote_category":0,"footnotes":""},"class_list":["post-41","page","type-page","status-publish","hentry","post"],"aioseo_notices":[],"_links":{"self":[{"href":"https:\/\/congomark.lawyer\/index.php?rest_route=\/wp\/v2\/pages\/41","targetHints":{"allow":["GET"]}}],"collection":[{"href":"https:\/\/congomark.lawyer\/index.php?rest_route=\/wp\/v2\/pages"}],"about":[{"href":"https:\/\/congomark.lawyer\/index.php?rest_route=\/wp\/v2\/types\/page"}],"author":[{"embeddable":true,"href":"https:\/\/congomark.lawyer\/index.php?rest_route=\/wp\/v2\/users\/1"}],"replies":[{"embeddable":true,"href":"https:\/\/congomark.lawyer\/index.php?rest_route=%2Fwp%2Fv2%2Fcomments&post=41"}],"version-history":[{"count":15,"href":"https:\/\/congomark.lawyer\/index.php?rest_route=\/wp\/v2\/pages\/41\/revisions"}],"predecessor-version":[{"id":120,"href":"https:\/\/congomark.lawyer\/index.php?rest_route=\/wp\/v2\/pages\/41\/revisions\/120"}],"wp:attachment":[{"href":"https:\/\/congomark.lawyer\/index.php?rest_route=%2Fwp%2Fv2%2Fmedia&parent=41"}],"curies":[{"name":"wp","href":"https:\/\/api.w.org\/{rel}","templated":true}]}}